{"id":8,"date":"2017-11-08T11:17:54","date_gmt":"2017-11-08T11:17:54","guid":{"rendered":"http:\/\/www.sigmalogistica.es\/?page_id=8"},"modified":"2018-05-09T07:45:53","modified_gmt":"2018-05-09T07:45:53","slug":"empresa","status":"publish","type":"page","link":"https:\/\/www.sigmalogistica.es\/fr\/empresa\/","title":{"rendered":"EMPRESA"},"content":{"rendered":"<p><\/p>\n<div class=\"custom-heading02\">\n<h1>EMPRESA<\/h1>\n<\/div>\n<div class=\"row\" style=\"padding-top: 60px;\">\n<div class=\"col-md-6\">\n<p>Transporte de mercanc\u00edas por carretera a nivel nacional e internacional. De cargas completas y grupajes. Amplia flota de veh\u00edculos de diferentes tipos: megatrailer, tautliner con porta bobinas y semi-tautliner con posibilidad de carga lateral, posterior y superior. Contamos tambi\u00e9n con plataformas abiertas para transportes especiales.<\/p>\n<p>Especialistas en grupaje y carga completa a nivel nacional e internacional. Especialmente en Francia, a donde hay salidas diarias a cualquier punto. Al tratarse de un servicio de entrega muy exigente desde el punto de vista de la puntualidad y de la calidad del servicio en general, nos ha obligado a conseguir un alto nivel de especializaci\u00f3n en este tipo de entregas.<\/p>\n<\/div>\n<div class=\"col-md-6 \">\n<p><img loading=\"lazy\" decoding=\"async\" class=\"left\" src=\"http:\/\/www.sigmalogistica.es\/wp-content\/uploads\/2017\/11\/transpalet-sigma.jpg\" alt=\"transpalet-sigma\" width=\"655\" height=\"487\" \/><\/p>\n<div class=\"clearfix\"><\/div>\n<\/div>\n<\/div>\n<div class=\"row\">\n<div class=\"custom-heading\" style=\"padding-bottom: 30px;\">\n<h2>NUESTROS VALORES<\/h2>\n<\/div>\n<div class=\"row\" style=\"margin-bottom: 0px;\">\n<div class=\"col-md-6 \">\n<div class=\"services-element service-icon-left \">\n<div class=\"icon-container \"><img loading=\"lazy\" decoding=\"async\" class=\"aligncenter size-full wp-image-146\" src=\"http:\/\/www.sigmalogistica.es\/wp-content\/uploads\/2017\/11\/satisfaccion-cliente.jpg\" alt=\"\" width=\"60\" height=\"60\" \/><\/div>\n<div class=\"service-details\">\n<h3>Satisfacci\u00f3n del cliente<\/h3>\n<p>El cuidado de nuestros servicios consiguen ese grado de satisfacci\u00f3n.<\/p>\n<\/div>\n<\/div>\n<\/div>\n<div class=\"col-md-6 \">\n<div class=\"services-element service-icon-left \">\n<div class=\"icon-container \"><img loading=\"lazy\" decoding=\"async\" class=\"aligncenter size-full wp-image-148\" src=\"http:\/\/www.sigmalogistica.es\/wp-content\/uploads\/2017\/11\/citas.jpg\" alt=\"\" width=\"60\" height=\"60\" \/><\/div>\n<div class=\"service-details\">\n<h3>Notificaciones y reuniones<\/h3>\n<p>&#8211; Por tel\u00e9fono<br \/>\n&#8211; Por email<br \/>\n&#8211; A traves de nuestra web<\/p>\n<\/div>\n<\/div>\n<\/div>\n<\/div>\n<div class=\"row\" style=\"margin-bottom: 0px;\">\n<div class=\"col-md-6 \">\n<div class=\"services-element service-icon-left \">\n<div class=\"icon-container \"><img loading=\"lazy\" decoding=\"async\" class=\"aligncenter size-full wp-image-151\" src=\"http:\/\/www.sigmalogistica.es\/wp-content\/uploads\/2017\/11\/calidad-servicio.jpg\" alt=\"\" width=\"60\" height=\"60\" \/><\/div>\n<div class=\"service-details\">\n<h3>Calidad del servicio<\/h3>\n<p>Trucking offers intelligent warehouse solution. Lower your storage and good maintenance by using our modern and intelligent warehouses. You can see all locations on location page.<\/p>\n<\/div>\n<\/div>\n<\/div>\n<div class=\"col-md-6 \">\n<div class=\"services-element service-icon-left \">\n<div class=\"icon-container \"><img loading=\"lazy\" decoding=\"async\" class=\"aligncenter size-full wp-image-153\" src=\"http:\/\/www.sigmalogistica.es\/wp-content\/uploads\/2017\/11\/optimizacion-precios.jpg\" alt=\"\" width=\"60\" height=\"60\" \/><\/div>\n<div class=\"service-details\">\n<h3>Optimizaci\u00f3n de los precios<\/h3>\n<p>Don&rsquo;t know what mean of transportation would be right for you, or you need someone for full supply chain management?<\/p>\n<\/div>\n<\/div>\n<\/div>\n<\/div>\n<div class=\"row\" style=\"margin-bottom: 0px;\">\n<div class=\"col-md-6 \">\n<div class=\"services-element service-icon-left \">\n<div class=\"icon-container \"><img loading=\"lazy\" decoding=\"async\" class=\"aligncenter size-full wp-image-160\" src=\"http:\/\/www.sigmalogistica.es\/wp-content\/uploads\/2017\/11\/recepcion-mensajes.jpg\" alt=\"\" width=\"60\" height=\"60\" \/><\/div>\n<div class=\"service-details\">\n<h3>Recepci\u00f3n de informaci\u00f3n<\/h3>\n<p>Buena comunicaci\u00f3n con los clientes.<\/p>\n<\/div>\n<\/div>\n<\/div>\n<div class=\"col-md-6 \">\n<div class=\"services-element service-icon-left \">\n<div class=\"icon-container \"><img loading=\"lazy\" decoding=\"async\" class=\"aligncenter size-full wp-image-154\" src=\"http:\/\/www.sigmalogistica.es\/wp-content\/uploads\/2017\/11\/reactivacion.jpg\" alt=\"\" width=\"60\" height=\"60\" \/><\/div>\n<div class=\"service-details\">\n<h3>Transporte configuraci\u00f3n<\/h3>\n<p>Capacidad de respuesta para configurar su transporte<\/p>\n<\/div>\n<\/div>\n<\/div>\n<\/div>\n<div class=\"row\" style=\"margin-bottom: 0px;\">\n<div class=\"col-md-6 \">\n<div class=\"services-element service-icon-left \">\n<div class=\"icon-container \"><img loading=\"lazy\" decoding=\"async\" class=\"aligncenter size-full wp-image-169\" src=\"http:\/\/www.sigmalogistica.es\/wp-content\/uploads\/2017\/11\/entrega.jpg\" alt=\"\" width=\"60\" height=\"60\" \/><\/div>\n<div class=\"service-details\">\n<h3>Respeto de las fechas de entrega<\/h3>\n<p>&#8211; Por barco<br \/>\n&#8211; Por avi\u00f3n<br \/>\n&#8211; Stock en almacen<\/p>\n<\/div>\n<\/div>\n<\/div>\n<div class=\"col-md-6 \">\n<div class=\"services-element service-icon-left \">\n<div class=\"icon-container \"><img loading=\"lazy\" decoding=\"async\" class=\"aligncenter size-full wp-image-168\" src=\"http:\/\/www.sigmalogistica.es\/wp-content\/uploads\/2017\/11\/seguimiento.jpg\" alt=\"\" width=\"60\" height=\"60\" \/><\/div>\n<div class=\"service-details\">\n<h3>Seguimiento de los env\u00edos<\/h3>\n<p>Trucking offers intelligent warehouse solution. Lower your storage and good maintenance by using our modern and intelligent warehouses. You can see all locations on location page.<\/p>\n<\/div>\n<\/div>\n<\/div>\n<\/div>\n<div class=\"row\" style=\"padding-top: 60px;\">\n<div class=\"custom-heading\">\n<h2>NUESTRO EQUIPO<\/h2>\n<\/div>\n<div class=\"col-md-3\" style=\"padding-bottom: 20px;\">Ana Cases<br \/>\n<strong>Gerente<\/strong><br \/>\nana@sigmalogistica.es<\/div>\n<div class=\"col-md-3 \" style=\"padding-bottom: 20px;\">Alberto Garces<br \/>\n<strong>Servicio Exportaci\u00f3n<\/strong><br \/>\nalberto@sigmalogistica.es<\/div>\n<div class=\"col-md-3 \">Paqui Furio<br \/>\n<strong>Servicio Importaci\u00f3n<\/strong><br \/>\npaqui@sigmalogistica.es<\/div>\n<div class=\"col-md-3 \">Baptiste Vallet<br \/>\n<strong>Servicio Comercial<\/strong><br \/>\ntrafico@sigmalogistica.es<\/div>\n<div class=\"clearfix\"><\/div>\n<\/div>\n<div class=\"row\" style=\"padding-top: 10px;\">\n<div class=\"custom-heading\">\n<h2>FLOTA<\/h2>\n<\/div>\n<div class=\"col-md-5 \"><strong>Amplia flota de veh\u00edculos<\/strong> de diferentes tipos:<br \/>\n&#8211; megatrailer<br \/>\n&#8211; tautliner con porta bobinas<br \/>\n&#8211; semi-tautliner con posibilidad de carga lateral, posterior y superior<br \/>\nContamos tambi\u00e9n con plataformas abiertas para transportes especiales.<\/div>\n<div class=\"col-md-7 \">\n<div id=\"attachment_190\" style=\"width: 510px\" class=\"wp-caption aligncenter\"><img loading=\"lazy\" decoding=\"async\" aria-describedby=\"caption-attachment-190\" class=\"wp-image-190 size-full\" src=\"http:\/\/www.sigmalogistica.es\/wp-content\/uploads\/2017\/11\/flota.jpg\" alt=\"\" width=\"500\" height=\"224\" srcset=\"https:\/\/www.sigmalogistica.es\/wp-content\/uploads\/2017\/11\/flota.jpg 500w, https:\/\/www.sigmalogistica.es\/wp-content\/uploads\/2017\/11\/flota-300x134.jpg 300w\" sizes=\"auto, (max-width: 500px) 100vw, 500px\" \/><p id=\"caption-attachment-190\" class=\"wp-caption-text\">Entrega de semirremolque (est\u00e1ndar)<\/p><\/div>\n<\/div>\n<\/div>\n<div class=\"row\">\n<div class=\"col-md-12 \">\n<div class=\"custom-heading\">\n<h2>HISTORIA<\/h2>\n<\/div>\n<ul class=\"company-timeline clearfix\">\n<li>\n<div class=\"icon-date-container\"><\/div>\n<div class=\"timeline-item-details\">\n<h3><span class=\"year\">2007<\/span> Creac\u00edon de la compa\u00f1\u00eda<\/h3>\n<p>Creaci\u00f3n de la compa\u00f1\u00eda para el transporte de muebles por dos profesionales.<\/p>\n<\/div>\n<\/li>\n<li>\n<div class=\"icon-date-container\"><\/div>\n<div class=\"timeline-item-details\">\n<h3><span class=\"year\">2008<\/span> Ampliaci\u00f3n de la flota<\/h3>\n<p>Ampliaci\u00f3n de la flota de semirremolques , taut liner porta bobinas, megas, semi mega Comienzo de la actividad de cargas completas, ampliaci\u00f3n de sectores de actividad, industria azulejera y plantas.<\/p>\n<\/div>\n<\/li>\n<li>\n<div class=\"icon-date-container\"><\/div>\n<div class=\"timeline-item-details\">\n<h3><span class=\"year\">2009<\/span> Expans\u00edon a ambito europeo<\/h3>\n<p>Acuerdo de colaboraci\u00f3n con corresponsales en Francia (zona centro, Breta\u00f1a)<\/p>\n<\/div>\n<\/li>\n<li>\n<div class=\"icon-date-container\"><\/div>\n<div class=\"timeline-item-details\">\n<h3><span class=\"year\">Actual<\/span> Con veinte a\u00f1os de experiencia&#8230;<\/h3>\n<p>Actualmente somos un amplio equipo especializado con mas de veinte a\u00f1os de experiencia en el sector log\u00edstico, gestionando el tr\u00e1fico de carga completa y fraccionada con citas individualizadas por tienda entregamos diariamente en todos los departamentos de Francia. Tenemos presencia en casi toda Europa con tr\u00e1ficos directos a B\u00e9lgica, Holanda, Reino Unido, Portugal, Italia y Rumania.<\/p>\n<\/div>\n<\/li>\n<\/ul>\n<\/div>\n<\/div>\n<div class=\"row\" style=\"padding-top: 60px;\">\n<div class=\"col-md-7 \">\n<div class=\"custom-heading\">\n<h2>CERTIFICADOS<\/h2>\n<\/div>\n<div class=\"col-md-4\" style=\"text-align: center;\"><img loading=\"lazy\" decoding=\"async\" class=\"aligncenter size-medium wp-image-89\" src=\"http:\/\/www.sigmalogistica.es\/wp-content\/uploads\/2017\/11\/AENOR-165x300.jpg\" alt=\"\" width=\"165\" height=\"300\" srcset=\"https:\/\/www.sigmalogistica.es\/wp-content\/uploads\/2017\/11\/AENOR-165x300.jpg 165w, https:\/\/www.sigmalogistica.es\/wp-content\/uploads\/2017\/11\/AENOR-564x1024.jpg 564w, https:\/\/www.sigmalogistica.es\/wp-content\/uploads\/2017\/11\/AENOR.jpg 600w\" sizes=\"auto, (max-width: 165px) 100vw, 165px\" \/><br \/>\n<a href=\"http:\/\/www.sigmalogistica.es\/wp-content\/uploads\/2017\/11\/CertificadoER.jpg\" target=\"_blank\" rel=\"noopener\">VER CERTIFICADO<\/a><\/div>\n<div class=\"col-md-8\"><img loading=\"lazy\" decoding=\"async\" class=\"aligncenter size-medium wp-image-90\" src=\"http:\/\/www.sigmalogistica.es\/wp-content\/uploads\/2017\/11\/IGNET-300x300.jpg\" alt=\"\" width=\"300\" height=\"300\" srcset=\"https:\/\/www.sigmalogistica.es\/wp-content\/uploads\/2017\/11\/IGNET-300x300.jpg 300w, https:\/\/www.sigmalogistica.es\/wp-content\/uploads\/2017\/11\/IGNET-150x150.jpg 150w, https:\/\/www.sigmalogistica.es\/wp-content\/uploads\/2017\/11\/IGNET.jpg 600w\" sizes=\"auto, (max-width: 300px) 100vw, 300px\" \/><\/div>\n<div class=\"clearfix\"><\/div>\n<\/div>\n<div class=\"col-md-5 \">\n<div class=\"custom-heading\">\n<h2>POLITICA DE CALIDAD<\/h2>\n<\/div>\n<ul class=\"fa-ul large-icons theme-color-icons\">\n<li>\n<div class=\"icon-container \" data-animate=\"zoomIn\"><i class=\"fa fa-check-circle\"><\/i><\/div>\n<div class=\"li-content\">\n<span class=\"ff1 cf0 fs22\">Atender de cada cliente y proporcionando las soluciones de transporte en cada caso.<\/span><span class=\"ff2 fs20\"><br \/>\n<\/span><\/p>\n<\/div>\n<\/li>\n<li>\n<li>\n<div class=\"icon-container \" data-animate=\"zoomIn\"><i class=\"fa fa-check-circle\"><\/i><\/div>\n<div class=\"li-content\">\n<span class=\"ff1 cf0 fs22\">Resolver r\u00e1pidamente cualquier incidencia.<\/span><span class=\"ff2 fs20\"><br \/>\n<\/span><\/p>\n<\/div>\n<\/li>\n<li>\n<div class=\"icon-container \" data-animate=\"zoomIn\"><i class=\"fa fa-check-circle\"><\/i><\/div>\n<div class=\"li-content\">\n<span class=\"ff1 cf0 fs22\">Cumplir las fechas de entrega.<\/span><span class=\"ff2 fs20\"><br \/>\n<\/span><\/p>\n<\/div>\n<\/li>\n<li>\n<div class=\"icon-container \" data-animate=\"zoomIn\"><i class=\"fa fa-check-circle\"><\/i><\/div>\n<div class=\"li-content\">\n<span class=\"ff1 cf0 fs22\">M\u00e1xima seguridad e integridad en nuestras entregas.<\/span><span class=\"ff2 fs20\"><br \/>\n<\/span><\/p>\n<\/div>\n<\/li>\n<li>\n<div class=\"icon-container \" data-animate=\"zoomIn\"><i class=\"fa fa-check-circle\"><\/i><\/div>\n<div class=\"li-content\">\n<span class=\"ff1 cf0 fs22\">Dar un trato servicial y amable en todo momento.<\/span><span class=\"ff2 fs20\"><br \/>\n<\/span><\/p>\n<\/div>\n<\/li>\n<\/ul>\n<\/div>\n<\/div>\n<p><\/p>","protected":false},"excerpt":{"rendered":"<p>EMPRESA Transporte de mercanc\u00edas por carretera a nivel nacional e internacional. De cargas completas y grupajes. Amplia flota de veh\u00edculos de diferentes tipos: megatrailer, tautliner con porta bobinas y semi-tautliner con posibilidad de carga lateral, posterior y superior. Contamos tambi\u00e9n [&hellip;]<\/p>\n","protected":false},"author":1,"featured_media":0,"parent":0,"menu_order":0,"comment_status":"closed","ping_status":"closed","template":"","meta":{"inline_featured_image":false,"footnotes":""},"class_list":["post-8","page","type-page","status-publish","hentry"],"_links":{"self":[{"href":"https:\/\/www.sigmalogistica.es\/fr\/wp-json\/wp\/v2\/pages\/8","targetHints":{"allow":["GET"]}}],"collection":[{"href":"https:\/\/www.sigmalogistica.es\/fr\/wp-json\/wp\/v2\/pages"}],"about":[{"href":"https:\/\/www.sigmalogistica.es\/fr\/wp-json\/wp\/v2\/types\/page"}],"author":[{"embeddable":true,"href":"https:\/\/www.sigmalogistica.es\/fr\/wp-json\/wp\/v2\/users\/1"}],"replies":[{"embeddable":true,"href":"https:\/\/www.sigmalogistica.es\/fr\/wp-json\/wp\/v2\/comments?post=8"}],"version-history":[{"count":98,"href":"https:\/\/www.sigmalogistica.es\/fr\/wp-json\/wp\/v2\/pages\/8\/revisions"}],"predecessor-version":[{"id":310,"href":"https:\/\/www.sigmalogistica.es\/fr\/wp-json\/wp\/v2\/pages\/8\/revisions\/310"}],"wp:attachment":[{"href":"https:\/\/www.sigmalogistica.es\/fr\/wp-json\/wp\/v2\/media?parent=8"}],"curies":[{"name":"wp","href":"https:\/\/api.w.org\/{rel}","templated":true}]}}