{"id":5,"date":"2017-11-08T09:01:48","date_gmt":"2017-11-08T09:01:48","guid":{"rendered":"http:\/\/www.sigmalogistica.es\/?page_id=5"},"modified":"2018-05-09T07:47:50","modified_gmt":"2018-05-09T07:47:50","slug":"home","status":"publish","type":"page","link":"https:\/\/www.sigmalogistica.es\/fr\/","title":{"rendered":"HOME"},"content":{"rendered":"<p class=\"qtranxs-available-languages-message qtranxs-available-languages-message-fr\">D\u00e9sol\u00e9, cet article est seulement disponible en <a href=\"https:\/\/www.sigmalogistica.es\/es\/wp-json\/wp\/v2\/pages\/5\" class=\"qtranxs-available-language-link qtranxs-available-language-link-es\" title=\"Espa\u00f1ol\">Espa\u00f1ol<\/a>.<\/p>","protected":false},"excerpt":{"rendered":"<p>D\u00e9sol\u00e9, cet article est seulement disponible en Espa\u00f1ol.<\/p>\n","protected":false},"author":1,"featured_media":0,"parent":0,"menu_order":0,"comment_status":"closed","ping_status":"closed","template":"","meta":{"inline_featured_image":false,"footnotes":""},"class_list":["post-5","page","type-page","status-publish","hentry"],"_links":{"self":[{"href":"https:\/\/www.sigmalogistica.es\/fr\/wp-json\/wp\/v2\/pages\/5","targetHints":{"allow":["GET"]}}],"collection":[{"href":"https:\/\/www.sigmalogistica.es\/fr\/wp-json\/wp\/v2\/pages"}],"about":[{"href":"https:\/\/www.sigmalogistica.es\/fr\/wp-json\/wp\/v2\/types\/page"}],"author":[{"embeddable":true,"href":"https:\/\/www.sigmalogistica.es\/fr\/wp-json\/wp\/v2\/users\/1"}],"replies":[{"embeddable":true,"href":"https:\/\/www.sigmalogistica.es\/fr\/wp-json\/wp\/v2\/comments?post=5"}],"version-history":[{"count":60,"href":"https:\/\/www.sigmalogistica.es\/fr\/wp-json\/wp\/v2\/pages\/5\/revisions"}],"predecessor-version":[{"id":271,"href":"https:\/\/www.sigmalogistica.es\/fr\/wp-json\/wp\/v2\/pages\/5\/revisions\/271"}],"wp:attachment":[{"href":"https:\/\/www.sigmalogistica.es\/fr\/wp-json\/wp\/v2\/media?parent=5"}],"curies":[{"name":"wp","href":"https:\/\/api.w.org\/{rel}","templated":true}]}}